{"id":208,"date":"2017-10-31T15:14:26","date_gmt":"2017-10-31T14:14:26","guid":{"rendered":"http:\/\/www.autinor.com\/autinor\/?page_id=208"},"modified":"2017-11-02T09:39:31","modified_gmt":"2017-11-02T08:39:31","slug":"innovation-2","status":"publish","type":"page","link":"http:\/\/www.autinor.com\/autinor\/innovation-2\/","title":{"rendered":"Innovation"},"content":{"rendered":"<h1 style=\"text-align: center;\">BOUTON INTELLIGENT <span style=\"color: #3366ff;\">i<\/span>BB ET PREDESTINATION <span style=\"color: #3366ff;\">i<\/span>Flux<\/h1>\n<hr align=\"center\" size=\"3\" width=\"50%\" \/>\n<h1 style=\"text-align: center;\"><strong>Bouton Intelligent <span style=\"color: #3366ff;\">i<\/span>BB<\/strong><\/h1>\n<h2>Fonctions de base:<\/h2>\n<p><img loading=\"lazy\" decoding=\"async\" class=\"alignleft wp-image-224\" src=\"http:\/\/www.autinor.com\/autinor\/wp-content\/uploads\/2017\/10\/COP-1-Call-at-a-time-3.jpg\" alt=\"\" width=\"72\" height=\"153\" srcset=\"http:\/\/www.autinor.com\/autinor\/wp-content\/uploads\/2017\/10\/COP-1-Call-at-a-time-3.jpg 143w, http:\/\/www.autinor.com\/autinor\/wp-content\/uploads\/2017\/10\/COP-1-Call-at-a-time-3-142x300.jpg 142w\" sizes=\"auto, (max-width: 72px) 100vw, 72px\" \/><\/p>\n<p>Quittance visuelle<\/p>\n<p>Quittance sonore<\/p>\n<p>Niveaux de veille<\/p>\n<p>Visualisation des niveaux autoris\u00e9s<\/p>\n<h2><\/h2>\n<p>&nbsp;<\/p>\n<h2>\u00a0Contr\u00f4le d\u2019acc\u00e8s<\/h2>\n<p>La boite \u00e0 boutons cabine fait office de digicode<br \/>\n<img loading=\"lazy\" decoding=\"async\" class=\"wp-image-229 alignleft\" src=\"http:\/\/www.autinor.com\/autinor\/wp-content\/uploads\/2017\/10\/no_digicode2.jpg\" alt=\"\" width=\"212\" height=\"115\" srcset=\"http:\/\/www.autinor.com\/autinor\/wp-content\/uploads\/2017\/10\/no_digicode2.jpg 726w, http:\/\/www.autinor.com\/autinor\/wp-content\/uploads\/2017\/10\/no_digicode2-300x163.jpg 300w\" sizes=\"auto, (max-width: 212px) 100vw, 212px\" \/><\/p>\n<p>&nbsp;<\/p>\n<p>&nbsp;<\/p>\n<p>&nbsp;<\/p>\n<p>&nbsp;<\/p>\n<p>Lib\u00e9rer un appareil sous contr\u00f4le d&rsquo;acc\u00e8s depuis un \u00e9tage afin de ne pas donner le code aux visiteurs<\/p>\n<p><img loading=\"lazy\" decoding=\"async\" class=\"wp-image-227 alignnone\" src=\"http:\/\/www.autinor.com\/autinor\/wp-content\/uploads\/2017\/10\/voleur.jpg\" alt=\"\" width=\"164\" height=\"168\" srcset=\"http:\/\/www.autinor.com\/autinor\/wp-content\/uploads\/2017\/10\/voleur.jpg 392w, http:\/\/www.autinor.com\/autinor\/wp-content\/uploads\/2017\/10\/voleur-293x300.jpg 293w\" sizes=\"auto, (max-width: 164px) 100vw, 164px\" \/><\/p>\n<h2>\u00a0Simple et rapide:<\/h2>\n<p style=\"text-align: left;\">Fini le risque d&rsquo;erreurs gr\u00e2ce au bus 2 fils r\u00e9versibles<\/p>\n<p><img loading=\"lazy\" decoding=\"async\" class=\" wp-image-220 alignleft\" src=\"http:\/\/www.autinor.com\/autinor\/wp-content\/uploads\/2017\/10\/logo-boom-final-150x150.jpg\" alt=\"\" width=\"118\" height=\"118\" srcset=\"http:\/\/www.autinor.com\/autinor\/wp-content\/uploads\/2017\/10\/logo-boom-final-150x150.jpg 150w, http:\/\/www.autinor.com\/autinor\/wp-content\/uploads\/2017\/10\/logo-boom-final-70x70.jpg 70w\" sizes=\"auto, (max-width: 118px) 100vw, 118px\" \/><\/p>\n<p>&nbsp;<\/p>\n<p>&nbsp;<\/p>\n<p>&nbsp;<\/p>\n<p>&nbsp;<\/p>\n<p>Gain de temps, lecture de la documentation superflue<\/p>\n<p><img loading=\"lazy\" decoding=\"async\" class=\"wp-image-221 alignnone\" src=\"http:\/\/www.autinor.com\/autinor\/wp-content\/uploads\/2017\/10\/chrono.png\" alt=\"\" width=\"116\" height=\"125\" \/><\/p>\n<h2>Maintenance pr\u00e9dictive:<\/h2>\n<p>Ni vu ni connu, un bouton risque de tomber en panne,<\/p>\n<p>le contr\u00f4leur de man\u0153uvre avertit le technicien de maintenance lors de sa visite.<\/p>\n<p><img loading=\"lazy\" decoding=\"async\" class=\"wp-image-246 alignnone\" src=\"http:\/\/www.autinor.com\/autinor\/wp-content\/uploads\/2017\/10\/bab-cab-eclair-tech.jpg\" alt=\"\" width=\"256\" height=\"146\" srcset=\"http:\/\/www.autinor.com\/autinor\/wp-content\/uploads\/2017\/10\/bab-cab-eclair-tech.jpg 818w, http:\/\/www.autinor.com\/autinor\/wp-content\/uploads\/2017\/10\/bab-cab-eclair-tech-300x171.jpg 300w, http:\/\/www.autinor.com\/autinor\/wp-content\/uploads\/2017\/10\/bab-cab-eclair-tech-768x438.jpg 768w\" sizes=\"auto, (max-width: 256px) 100vw, 256px\" \/><\/p>\n<h2>Un bouton unique:<\/h2>\n<p>Choix des couleurs, des sons et des fonctions sur site m\u00eame apr\u00e8s l&rsquo;installation<\/p>\n<h1>\u00a0<img loading=\"lazy\" decoding=\"async\" class=\"alignleft wp-image-266\" src=\"http:\/\/www.autinor.com\/autinor\/wp-content\/uploads\/2017\/10\/autinor-couleurs-musique-1.jpg\" alt=\"\" width=\"708\" height=\"106\" srcset=\"http:\/\/www.autinor.com\/autinor\/wp-content\/uploads\/2017\/10\/autinor-couleurs-musique-1.jpg 1335w, http:\/\/www.autinor.com\/autinor\/wp-content\/uploads\/2017\/10\/autinor-couleurs-musique-1-300x45.jpg 300w, http:\/\/www.autinor.com\/autinor\/wp-content\/uploads\/2017\/10\/autinor-couleurs-musique-1-768x115.jpg 768w, http:\/\/www.autinor.com\/autinor\/wp-content\/uploads\/2017\/10\/autinor-couleurs-musique-1-1024x153.jpg 1024w\" sizes=\"auto, (max-width: 708px) 100vw, 708px\" \/><\/h1>\n<p>&nbsp;<\/p>\n<p>&nbsp;<\/p>\n<hr align=\"center\" size=\"3\" width=\"50%\" \/>\n<h1 style=\"text-align: center;\"><strong>Pr\u00e9destination : Destination Control <span style=\"color: #3366ff;\">i<\/span>Flux<\/strong><\/h1>\n<h2 style=\"text-align: center;\">Am\u00e9liorer le flux de passagers gr\u00e2ce \u00e0 des algorithmes performants et ainsi am\u00e9liorer leur confort.<\/h2>\n<h2>Avantages:<\/h2>\n<ul>\n<li>Diminution du temps pass\u00e9 dans l&rsquo;ascenseur.<\/li>\n<li>Regroupement des usagers dans une m\u00eame cabine en fonction de leur(s) destination(s).<\/li>\n<li>\u00c9vite les arr\u00eats interm\u00e9diaires inutiles.<\/li>\n<li>Diminution de la consommation \u00e9nerg\u00e9tique.<\/li>\n<li>Possibilit\u00e9 d&rsquo;entrer sa destination depuis un clavier index\u00e9 (type t\u00e9l\u00e9phone) ou classique (type boite \u00e0 boutons cabine).<\/li>\n<li>Guidage clair des usagers vers la cabine appropri\u00e9e.<\/li>\n<\/ul>\n<h1><\/h1>\n<p><code><\/code><\/p>\n","protected":false},"excerpt":{"rendered":"<p>BOUTON INTELLIGENT iBB ET PREDESTINATION iFlux Bouton Intelligent iBB Fonctions de base: Quittance visuelle Quittance sonore Niveaux de veille Visualisation des niveaux autoris\u00e9s &nbsp; \u00a0Contr\u00f4le d\u2019acc\u00e8s La boite \u00e0 boutons cabine fait office de digicode &nbsp; &nbsp; &nbsp; &nbsp; Lib\u00e9rer un appareil sous contr\u00f4le d&rsquo;acc\u00e8s depuis un \u00e9tage afin de ne pas donner le code [&hellip;]<\/p>\n","protected":false},"author":1,"featured_media":0,"parent":0,"menu_order":0,"comment_status":"closed","ping_status":"closed","template":"","meta":{"footnotes":""},"class_list":["post-208","page","type-page","status-publish","hentry"],"_links":{"self":[{"href":"http:\/\/www.autinor.com\/autinor\/wp-json\/wp\/v2\/pages\/208","targetHints":{"allow":["GET"]}}],"collection":[{"href":"http:\/\/www.autinor.com\/autinor\/wp-json\/wp\/v2\/pages"}],"about":[{"href":"http:\/\/www.autinor.com\/autinor\/wp-json\/wp\/v2\/types\/page"}],"author":[{"embeddable":true,"href":"http:\/\/www.autinor.com\/autinor\/wp-json\/wp\/v2\/users\/1"}],"replies":[{"embeddable":true,"href":"http:\/\/www.autinor.com\/autinor\/wp-json\/wp\/v2\/comments?post=208"}],"version-history":[{"count":50,"href":"http:\/\/www.autinor.com\/autinor\/wp-json\/wp\/v2\/pages\/208\/revisions"}],"predecessor-version":[{"id":289,"href":"http:\/\/www.autinor.com\/autinor\/wp-json\/wp\/v2\/pages\/208\/revisions\/289"}],"wp:attachment":[{"href":"http:\/\/www.autinor.com\/autinor\/wp-json\/wp\/v2\/media?parent=208"}],"curies":[{"name":"wp","href":"https:\/\/api.w.org\/{rel}","templated":true}]}}