{"id":31,"date":"2017-10-17T22:15:30","date_gmt":"2017-10-17T20:15:30","guid":{"rendered":"http:\/\/www.autinor.com\/autinor\/?page_id=31"},"modified":"2017-10-19T17:15:24","modified_gmt":"2017-10-19T15:15:24","slug":"nos-services","status":"publish","type":"page","link":"http:\/\/www.autinor.com\/autinor\/nos-services\/","title":{"rendered":"Nos services"},"content":{"rendered":"<h1><span style=\"color: #000000;\">LE HORS STANDARD EST AUSSI NOTRE STANDARD<\/span><\/h1>\n<h1>En cours de construction.<\/h1>\n<h1><strong>Relev\u00e9s sur site.<\/strong><\/h1>\n<h1><strong>Assistance \u00e0 la mise en service.<\/strong><\/h1>\n<h1><strong>Installation sur site.<\/strong><\/h1>\n<h1><strong>Assistance technique.<\/strong><\/h1>\n<h1><strong>R\u00e9paration et livraison de cartes \u00e9lectroniques.<\/strong><\/h1>\n<h1><strong>Formation.<\/strong><\/h1>\n<h1><strong>Logiciels sp\u00e9cifiques hors-standard.<\/strong><\/h1>\n<p>&nbsp;<\/p>\n<h1><strong>Pr\u00e9sentation Ascenseurs neufs<\/strong><\/h1>\n<div style=\"width: 590px;\" class=\"wp-video\"><!--[if lt IE 9]><script>document.createElement('video');<\/script><![endif]-->\n<video class=\"wp-video-shortcode\" id=\"video-31-1\" width=\"590\" height=\"332\" poster=\"http:\/\/www.autinor.com\/autinor\/wp-content\/uploads\/2017\/10\/newlift.jpg\" preload=\"metadata\" controls=\"controls\"><source type=\"video\/mp4\" src=\"http:\/\/www.autinor.com\/autinor\/wp-content\/uploads\/2017\/10\/autinor-new-lift.mp4?_=1\" \/><a href=\"http:\/\/www.autinor.com\/autinor\/wp-content\/uploads\/2017\/10\/autinor-new-lift.mp4\">http:\/\/www.autinor.com\/autinor\/wp-content\/uploads\/2017\/10\/autinor-new-lift.mp4<\/a><\/video><\/div>\n<p>&nbsp;<\/p>\n<h1><strong>Pr\u00e9sentation Innovation<\/strong><\/h1>\n<div style=\"width: 590px;\" class=\"wp-video\"><video class=\"wp-video-shortcode\" id=\"video-31-2\" width=\"590\" height=\"332\" poster=\"http:\/\/www.autinor.com\/autinor\/wp-content\/uploads\/2017\/10\/innovation.jpg\" preload=\"metadata\" controls=\"controls\"><source type=\"video\/mp4\" src=\"http:\/\/www.autinor.com\/autinor\/wp-content\/uploads\/2017\/10\/autinor-innovation.mp4?_=2\" \/><a href=\"http:\/\/www.autinor.com\/autinor\/wp-content\/uploads\/2017\/10\/autinor-innovation.mp4\">http:\/\/www.autinor.com\/autinor\/wp-content\/uploads\/2017\/10\/autinor-innovation.mp4<\/a><\/video><\/div>\n<p>&nbsp;<\/p>\n<h1><strong>Pr\u00e9sentation Design<\/strong><\/h1>\n<div style=\"width: 590px;\" class=\"wp-video\"><video class=\"wp-video-shortcode\" id=\"video-31-3\" width=\"590\" height=\"332\" poster=\"http:\/\/www.autinor.com\/autinor\/wp-content\/uploads\/2017\/10\/Design.jpg\" preload=\"metadata\" controls=\"controls\"><source type=\"video\/mp4\" src=\"http:\/\/www.autinor.com\/autinor\/wp-content\/uploads\/2017\/10\/autinor-design.mp4?_=3\" \/><a href=\"http:\/\/www.autinor.com\/autinor\/wp-content\/uploads\/2017\/10\/autinor-design.mp4\">http:\/\/www.autinor.com\/autinor\/wp-content\/uploads\/2017\/10\/autinor-design.mp4<\/a><\/video><\/div>\n<p>&nbsp;<\/p>\n<h1><strong>Pr\u00e9sentation Assemblage<\/strong><\/h1>\n<div style=\"width: 590px;\" class=\"wp-video\"><video class=\"wp-video-shortcode\" id=\"video-31-4\" width=\"590\" height=\"332\" poster=\"http:\/\/www.autinor.com\/autinor\/wp-content\/uploads\/2017\/10\/Assemblage.jpg\" preload=\"metadata\" controls=\"controls\"><source type=\"video\/mp4\" src=\"http:\/\/www.autinor.com\/autinor\/wp-content\/uploads\/2017\/10\/autinor-assemblage.mp4?_=4\" \/><a href=\"http:\/\/www.autinor.com\/autinor\/wp-content\/uploads\/2017\/10\/autinor-assemblage.mp4\">http:\/\/www.autinor.com\/autinor\/wp-content\/uploads\/2017\/10\/autinor-assemblage.mp4<\/a><\/video><\/div>\n<p>&nbsp;<\/p>\n","protected":false},"excerpt":{"rendered":"<p>LE HORS STANDARD EST AUSSI NOTRE STANDARD En cours de construction. Relev\u00e9s sur site. Assistance \u00e0 la mise en service. Installation sur site. Assistance technique. R\u00e9paration et livraison de cartes \u00e9lectroniques. Formation. Logiciels sp\u00e9cifiques hors-standard. &nbsp; Pr\u00e9sentation Ascenseurs neufs &nbsp; Pr\u00e9sentation Innovation &nbsp; Pr\u00e9sentation Design &nbsp; Pr\u00e9sentation Assemblage &nbsp;<\/p>\n","protected":false},"author":1,"featured_media":0,"parent":0,"menu_order":0,"comment_status":"closed","ping_status":"closed","template":"","meta":{"footnotes":""},"class_list":["post-31","page","type-page","status-publish","hentry"],"_links":{"self":[{"href":"http:\/\/www.autinor.com\/autinor\/wp-json\/wp\/v2\/pages\/31","targetHints":{"allow":["GET"]}}],"collection":[{"href":"http:\/\/www.autinor.com\/autinor\/wp-json\/wp\/v2\/pages"}],"about":[{"href":"http:\/\/www.autinor.com\/autinor\/wp-json\/wp\/v2\/types\/page"}],"author":[{"embeddable":true,"href":"http:\/\/www.autinor.com\/autinor\/wp-json\/wp\/v2\/users\/1"}],"replies":[{"embeddable":true,"href":"http:\/\/www.autinor.com\/autinor\/wp-json\/wp\/v2\/comments?post=31"}],"version-history":[{"count":9,"href":"http:\/\/www.autinor.com\/autinor\/wp-json\/wp\/v2\/pages\/31\/revisions"}],"predecessor-version":[{"id":121,"href":"http:\/\/www.autinor.com\/autinor\/wp-json\/wp\/v2\/pages\/31\/revisions\/121"}],"wp:attachment":[{"href":"http:\/\/www.autinor.com\/autinor\/wp-json\/wp\/v2\/media?parent=31"}],"curies":[{"name":"wp","href":"https:\/\/api.w.org\/{rel}","templated":true}]}}