{"id":34,"date":"2017-10-17T22:16:42","date_gmt":"2017-10-17T20:16:42","guid":{"rendered":"http:\/\/www.autinor.com\/autinor\/?page_id=34"},"modified":"2021-12-22T15:02:48","modified_gmt":"2021-12-22T14:02:48","slug":"nos-produits","status":"publish","type":"page","link":"http:\/\/www.autinor.com\/autinor\/nos-produits\/","title":{"rendered":"Nos produits"},"content":{"rendered":"<h1 style=\"text-align: center;\">T\u00e9l\u00e9charger notre catalogue g\u00e9n\u00e9ral<\/h1>\n<div id=\"attachment_395\" style=\"width: 150px\" class=\"wp-caption aligncenter\"><a href=\"http:\/\/www.autinor.com\/autinor\/wp-content\/uploads\/2019\/02\/Catalogue-AUTINOR-2019.pdf\"><img loading=\"lazy\" decoding=\"async\" aria-describedby=\"caption-attachment-395\" class=\"wp-image-395 size-full\" src=\"http:\/\/www.autinor.com\/autinor\/wp-content\/uploads\/2019\/02\/catalogue-140.jpg\" alt=\"\" width=\"140\" height=\"196\"><\/a><p id=\"caption-attachment-395\" class=\"wp-caption-text\">Catalogue g\u00e9n\u00e9ral<\/p><\/div>\n<p>&nbsp;<\/p>\n<h2 style=\"text-align: center;\">Kits de r\u00e9novation (Armoire de man\u0153uvre\/Pr\u00e9c\u00e2blage\/Boites \u00e0 boutons\/Ensemble traction)<\/h2>\n<div id=\"attachment_360\" style=\"width: 150px\" class=\"wp-caption alignleft\"><a href=\"http:\/\/www.autinor.com\/autinor\/wp-content\/uploads\/2017\/10\/Fiche-produit-Armoire-VF.pdf\"><img loading=\"lazy\" decoding=\"async\" aria-describedby=\"caption-attachment-360\" class=\"wp-image-360 size-full\" src=\"http:\/\/www.autinor.com\/autinor\/wp-content\/uploads\/2018\/03\/140ican_vf.jpg\" alt=\"\" width=\"140\" height=\"196\"><\/a><p id=\"caption-attachment-360\" class=\"wp-caption-text\">Ican + VF<\/p><\/div>\n<div id=\"attachment_359\" style=\"width: 150px\" class=\"wp-caption alignleft\"><a href=\"http:\/\/www.autinor.com\/autinor\/wp-content\/uploads\/2017\/10\/Fiche-produit-Armoire-Hydraulique.pdf\"><img loading=\"lazy\" decoding=\"async\" aria-describedby=\"caption-attachment-359\" class=\"wp-image-359 size-full\" src=\"http:\/\/www.autinor.com\/autinor\/wp-content\/uploads\/2018\/03\/140ican_hydrau.jpg\" alt=\"\" width=\"140\" height=\"196\"><\/a><p id=\"caption-attachment-359\" class=\"wp-caption-text\">Ican hydraulique<\/p><\/div>\n<div id=\"attachment_364\" style=\"width: 150px\" class=\"wp-caption alignleft\"><a href=\"http:\/\/www.autinor.com\/autinor\/wp-content\/uploads\/2017\/10\/Fiche-produit-iBB_V3-Copie.pdf\"><img loading=\"lazy\" decoding=\"async\" aria-describedby=\"caption-attachment-364\" class=\"wp-image-364 size-full\" src=\"http:\/\/www.autinor.com\/autinor\/wp-content\/uploads\/2018\/03\/140ibb.jpg\" alt=\"\" width=\"140\" height=\"196\"><\/a><p id=\"caption-attachment-364\" class=\"wp-caption-text\">iBB<\/p><\/div>\n<div id=\"attachment_363\" style=\"width: 150px\" class=\"wp-caption alignleft\"><a href=\"http:\/\/www.autinor.com\/autinor\/wp-content\/uploads\/2017\/10\/Fiche-produit-Bo\u00eetes-\u00e0-boutons-cabine-et-pali\u00e8re-VEGA-Florence_V1-Copie.pdf\"><img loading=\"lazy\" decoding=\"async\" aria-describedby=\"caption-attachment-363\" class=\"wp-image-363 size-full\" src=\"http:\/\/www.autinor.com\/autinor\/wp-content\/uploads\/2018\/03\/140florence.jpg\" alt=\"\" width=\"140\" height=\"196\"><\/a><p id=\"caption-attachment-363\" class=\"wp-caption-text\">BAB Florence<\/p><\/div>\n<div id=\"attachment_361\" style=\"width: 150px\" class=\"wp-caption alignleft\"><a href=\"http:\/\/www.autinor.com\/autinor\/wp-content\/uploads\/2017\/10\/Fiche-produit-Bo\u00eetes-\u00e0-boutons-cabine-et-pali\u00e8re-VEGA-Italia_V1-Copie.pdf\"><img loading=\"lazy\" decoding=\"async\" aria-describedby=\"caption-attachment-361\" class=\"wp-image-361 size-full\" src=\"http:\/\/www.autinor.com\/autinor\/wp-content\/uploads\/2018\/03\/140italia.jpg\" alt=\"\" width=\"140\" height=\"196\"><\/a><p id=\"caption-attachment-361\" class=\"wp-caption-text\">BAB Italia<\/p><\/div>\n<div id=\"attachment_362\" style=\"width: 150px\" class=\"wp-caption alignleft\"><a href=\"http:\/\/www.autinor.com\/autinor\/wp-content\/uploads\/2017\/10\/Fiche-produit-Bo\u00eetes-\u00e0-boutons-cabine-et-pali\u00e8re-VEGA-Italia-Soft_V1-Copie.pdf\"><img loading=\"lazy\" decoding=\"async\" aria-describedby=\"caption-attachment-362\" class=\"wp-image-362 size-full\" src=\"http:\/\/www.autinor.com\/autinor\/wp-content\/uploads\/2018\/03\/140italia_soft.jpg\" alt=\"\" width=\"140\" height=\"196\"><\/a><p id=\"caption-attachment-362\" class=\"wp-caption-text\">BAB Italia Soft<\/p><\/div>\n<p>&nbsp;<\/p>\n<h2><\/h2>\n<h2><\/h2>\n<h2><\/h2>\n<h2><\/h2>\n<h2><\/h2>\n<h2><\/h2>\n<h2><\/h2>\n<h2><\/h2>\n<p><br style=\"clear:both;\"><\/p>\n<h2 style=\"text-align: center;\">Cartes \u00e9lectroniques pour int\u00e9grateurs<\/h2>\n<div id=\"attachment_395\" style=\"width: 150px\" class=\"wp-caption aligncenter\"><a href=\"http:\/\/www.autinor.com\/autinor\/wp-content\/uploads\/2018\/03\/Fiche-produit-integrateurs.pdf\"><img loading=\"lazy\" decoding=\"async\" aria-describedby=\"caption-attachment-395\" class=\"wp-image-395 size-full\" src=\"http:\/\/www.autinor.com\/autinor\/wp-content\/uploads\/2018\/03\/140_integrateurs.jpg\" alt=\"\" width=\"140\" height=\"196\"><\/a><p id=\"caption-attachment-395\" class=\"wp-caption-text\">Ican pour int\u00e9grateurs<\/p><\/div>\n<h2 style=\"text-align: center;\">Kits ascenseurs complets<\/h2>\n<p><a href=\"http:\/\/www.autinor.com\/autinor\/wp-content\/uploads\/2018\/03\/Fiche-produit-complet.pdf\"><img loading=\"lazy\" decoding=\"async\" class=\"aligncenter size-full wp-image-418\" src=\"http:\/\/www.autinor.com\/autinor\/wp-content\/uploads\/2018\/03\/complet.jpg\" alt=\"\" width=\"279\" height=\"196\"><\/a><\/p>\n<p>&nbsp;<\/p>\n<h2 style=\"text-align: center;\">Composants de t\u00e9l\u00e9-alarme :<\/h2>\n<h2 style=\"text-align: center;\">in\u2019li (anciennement Ogif)\/Groupe logement Fran\u00e7ais\/ICF La Sabli\u00e8re\/Essonne Habitat\/OPH Puteaux\/ALTAREA COGEDIM\/FONCIA IPM<\/h2>\n<p>&nbsp;<\/p>\n<h2 style=\"text-align: center;\">Fermeture d\u2019acc\u00e8s m\u00e9tro parisien (Parties \u00e9lectrique, m\u00e9canique et installation)<\/h2>\n<p>&nbsp;<\/p>\n<p>&nbsp;<\/p>\n<p>&nbsp;<\/p>\n<p><a href=\"http:\/\/www.autinor.com\/autinor\/wp-content\/uploads\/2017\/10\/LOGO-CERTIF-1.jpg\"><img loading=\"lazy\" decoding=\"async\" class=\"aligncenter wp-image-239 size-full\" src=\"http:\/\/www.autinor.com\/autinor\/wp-content\/uploads\/2017\/10\/LOGO-CERTIF-1.jpg\" alt=\"\" width=\"2516\" height=\"300\" srcset=\"http:\/\/www.autinor.com\/autinor\/wp-content\/uploads\/2017\/10\/LOGO-CERTIF-1.jpg 2516w, http:\/\/www.autinor.com\/autinor\/wp-content\/uploads\/2017\/10\/LOGO-CERTIF-1-300x36.jpg 300w, http:\/\/www.autinor.com\/autinor\/wp-content\/uploads\/2017\/10\/LOGO-CERTIF-1-768x92.jpg 768w, http:\/\/www.autinor.com\/autinor\/wp-content\/uploads\/2017\/10\/LOGO-CERTIF-1-1024x122.jpg 1024w\" sizes=\"auto, (max-width: 2516px) 100vw, 2516px\" \/><\/a><\/p>\n","protected":false},"excerpt":{"rendered":"<p>T\u00e9l\u00e9charger notre catalogue g\u00e9n\u00e9ral &nbsp; Kits de r\u00e9novation (Armoire de man\u0153uvre\/Pr\u00e9c\u00e2blage\/Boites \u00e0 boutons\/Ensemble traction) &nbsp; Cartes \u00e9lectroniques pour int\u00e9grateurs Kits ascenseurs complets &nbsp; Composants de t\u00e9l\u00e9-alarme : in\u2019li (anciennement Ogif)\/Groupe logement Fran\u00e7ais\/ICF La Sabli\u00e8re\/Essonne Habitat\/OPH Puteaux\/ALTAREA COGEDIM\/FONCIA IPM &nbsp; Fermeture d\u2019acc\u00e8s m\u00e9tro parisien (Parties \u00e9lectrique, m\u00e9canique et installation) &nbsp; &nbsp; &nbsp;<\/p>\n","protected":false},"author":1,"featured_media":0,"parent":0,"menu_order":0,"comment_status":"closed","ping_status":"closed","template":"","meta":{"footnotes":""},"class_list":["post-34","page","type-page","status-publish","hentry"],"_links":{"self":[{"href":"http:\/\/www.autinor.com\/autinor\/wp-json\/wp\/v2\/pages\/34","targetHints":{"allow":["GET"]}}],"collection":[{"href":"http:\/\/www.autinor.com\/autinor\/wp-json\/wp\/v2\/pages"}],"about":[{"href":"http:\/\/www.autinor.com\/autinor\/wp-json\/wp\/v2\/types\/page"}],"author":[{"embeddable":true,"href":"http:\/\/www.autinor.com\/autinor\/wp-json\/wp\/v2\/users\/1"}],"replies":[{"embeddable":true,"href":"http:\/\/www.autinor.com\/autinor\/wp-json\/wp\/v2\/comments?post=34"}],"version-history":[{"count":112,"href":"http:\/\/www.autinor.com\/autinor\/wp-json\/wp\/v2\/pages\/34\/revisions"}],"predecessor-version":[{"id":487,"href":"http:\/\/www.autinor.com\/autinor\/wp-json\/wp\/v2\/pages\/34\/revisions\/487"}],"wp:attachment":[{"href":"http:\/\/www.autinor.com\/autinor\/wp-json\/wp\/v2\/media?parent=34"}],"curies":[{"name":"wp","href":"https:\/\/api.w.org\/{rel}","templated":true}]}}