{"id":39,"date":"2017-10-17T22:20:46","date_gmt":"2017-10-17T20:20:46","guid":{"rendered":"http:\/\/www.autinor.com\/autinor\/?page_id=39"},"modified":"2025-08-04T09:52:04","modified_gmt":"2025-08-04T07:52:04","slug":"contactlocalisation","status":"publish","type":"page","link":"http:\/\/www.autinor.com\/autinor\/contactlocalisation\/","title":{"rendered":"Contact\/Localisation"},"content":{"rendered":"<h2>\u00a0<strong>Pour nous contacter:<\/strong><\/h2>\n<p>T\u00e9l:+33(0).320.625.600\u00a0 \u00a0 Mail:<a href=\"mailto:contact@autinor.com\">contact@autinor.com<\/a><\/p>\n<h3>Service commercial:<\/h3>\n<p>C\u00e9dric LEVAS \u00a0 \u00a0 \u00a0 \u00a0 \u00a0 \u00a0 \u00a0 \u00a0 \u00a0 \u00a0 06.81.56.13.32\u00a0 \u00a0 \u00a0<a href=\"mailto:clevas@autinor.com\">clevas@autinor.com<\/a><\/p>\n<h3>\u00a0Assistance technique &amp; D\u00e9pannage:<\/h3>\n<p>Ismail TURK\u00a0 \u00a0 \u00a0 \u00a0 \u00a0 \u00a0 \u00a0 \u00a0 \u00a0 \u00a0 \u00a0 06.03.97.15.90\u00a0 \u00a0 \u00a0\u00a0<a href=\"mailto:iturk@autinor.com\">iturk@autinor.com<\/a><\/p>\n<p>Rabah DAHMANI\u00a0 \u00a0 \u00a0 \u00a0 \u00a0 \u00a0 \u00a0 06.81.54.36.35\u00a0 \u00a0 \u00a0\u00a0<a href=\"mailto:rdahmani@autinor.com\">rdahmani@autinor.com<\/a><\/p>\n<p>Thierry CARETTE \u00a0 \u00a0 \u00a0 \u00a0 \u00a0\u00a0 06.23.22.32.16\u00a0 \u00a0 \u00a0 <a href=\"mailto:tcarette@autinor.com\">tcarette@autinor.com<\/a><\/p>\n<h3>Pi\u00e8ces d\u00e9tach\u00e9es &amp; R\u00e9paration de cartes:<\/h3>\n<p>Service SAV\u00a0 \u00a0 \u00a006.11.26.98.91 ou 03.20.62.56.32\u00a0 \u00a0 \u00a0<a href=\"mailto:sav@autinor.com\">sav@autinor.com<\/a><\/p>\n<h3>Services administratifs:<\/h3>\n<p>Sandrine COCHEZ\u00a0 \u00a0 \u00a0 \u00a0 \u00a0 \u00a0 \u00a003.20.62.56.48\u00a0 \u00a0 \u00a0\u00a0<a href=\"mailto:scochez@autinor.com\">scochez@autinor.com<\/a><\/p>\n<h2><strong>Pour venir chez nous:<\/strong><\/h2>\n<p>AUTINOR &#8211; 29 rue des Marli\u00e8res &#8211; 59710 AVELIN &#8211; FRANCE<\/p>\n<p>Gare TGV Lille : 15 min<\/p>\n<p>A\u00e9roport Lesquin : 10 min<\/p>\n<p><a href=\"https:\/\/www.google.fr\/maps\/place\/Autinor\/@50.5424675,3.0964065,15z\/data=!4m5!3m4!1s0x0:0x99a1ec0425d3363f!8m2!3d50.5424675!4d3.0964065\" target=\"_blank\" rel=\"noopener\">Lien Google Maps<\/a><\/p>\n<p><a href=\"https:\/\/www.google.fr\/maps\/@50.5422007,3.0963791,3a,75y,353.91h,92.51t\/data=!3m6!1e1!3m4!1sqQYdDdQR2w8iSLqwUACykg!2e0!7i13312!8i6656\" target=\"_blank\" rel=\"noopener\">Lien Google Street View<\/a><\/p>\n<p><img loading=\"lazy\" decoding=\"async\" class=\"alignleft size-full wp-image-204\" src=\"http:\/\/www.autinor.com\/autinor\/wp-content\/uploads\/2017\/10\/googlemaps2.jpg\" alt=\"\" width=\"814\" height=\"503\" srcset=\"http:\/\/www.autinor.com\/autinor\/wp-content\/uploads\/2017\/10\/googlemaps2.jpg 814w, http:\/\/www.autinor.com\/autinor\/wp-content\/uploads\/2017\/10\/googlemaps2-300x185.jpg 300w, http:\/\/www.autinor.com\/autinor\/wp-content\/uploads\/2017\/10\/googlemaps2-768x475.jpg 768w\" sizes=\"auto, (max-width: 814px) 100vw, 814px\" \/><\/p>\n","protected":false},"excerpt":{"rendered":"<p>\u00a0Pour nous contacter: T\u00e9l:+33(0).320.625.600\u00a0 \u00a0 Mail:contact@autinor.com Service commercial: C\u00e9dric LEVAS \u00a0 \u00a0 \u00a0 \u00a0 \u00a0 \u00a0 \u00a0 \u00a0 \u00a0 \u00a0 06.81.56.13.32\u00a0 \u00a0 \u00a0clevas@autinor.com \u00a0Assistance technique &amp; D\u00e9pannage: Ismail TURK\u00a0 \u00a0 \u00a0 \u00a0 \u00a0 \u00a0 \u00a0 \u00a0 \u00a0 \u00a0 \u00a0 06.03.97.15.90\u00a0 \u00a0 \u00a0\u00a0iturk@autinor.com Rabah DAHMANI\u00a0 \u00a0 \u00a0 \u00a0 \u00a0 \u00a0 \u00a0 06.81.54.36.35\u00a0 \u00a0 \u00a0\u00a0rdahmani@autinor.com Thierry CARETTE [&hellip;]<\/p>\n","protected":false},"author":1,"featured_media":0,"parent":0,"menu_order":0,"comment_status":"closed","ping_status":"closed","template":"","meta":{"footnotes":""},"class_list":["post-39","page","type-page","status-publish","hentry"],"_links":{"self":[{"href":"http:\/\/www.autinor.com\/autinor\/wp-json\/wp\/v2\/pages\/39","targetHints":{"allow":["GET"]}}],"collection":[{"href":"http:\/\/www.autinor.com\/autinor\/wp-json\/wp\/v2\/pages"}],"about":[{"href":"http:\/\/www.autinor.com\/autinor\/wp-json\/wp\/v2\/types\/page"}],"author":[{"embeddable":true,"href":"http:\/\/www.autinor.com\/autinor\/wp-json\/wp\/v2\/users\/1"}],"replies":[{"embeddable":true,"href":"http:\/\/www.autinor.com\/autinor\/wp-json\/wp\/v2\/comments?post=39"}],"version-history":[{"count":46,"href":"http:\/\/www.autinor.com\/autinor\/wp-json\/wp\/v2\/pages\/39\/revisions"}],"predecessor-version":[{"id":489,"href":"http:\/\/www.autinor.com\/autinor\/wp-json\/wp\/v2\/pages\/39\/revisions\/489"}],"wp:attachment":[{"href":"http:\/\/www.autinor.com\/autinor\/wp-json\/wp\/v2\/media?parent=39"}],"curies":[{"name":"wp","href":"https:\/\/api.w.org\/{rel}","templated":true}]}}