{"id":58,"date":"2017-10-17T22:35:14","date_gmt":"2017-10-17T20:35:14","guid":{"rendered":"http:\/\/www.autinor.com\/autinor\/?page_id=58"},"modified":"2017-10-17T22:35:14","modified_gmt":"2017-10-17T20:35:14","slug":"doc-serie-32","status":"publish","type":"page","link":"http:\/\/www.autinor.com\/autinor\/doc-serie-32\/","title":{"rendered":"Doc S\u00e9rie 32"},"content":{"rendered":"<p><a href=\"http:\/\/www.autinor.com\/Documentations\/H32%20%28BG15%29%20-%20Manuel%20d%27installation%20-FR-%20du%2002%2010%2098%20%287440%29.pdf\">S\u00e9rie 32 Hydraulique \u00e0 ils ou \u00e9crans<\/a><\/p>\n<p><a href=\"http:\/\/www.autinor.com\/Documentations\/HB32%20%28BG15%29%20-%20Manuel%20d%27installation%20-FR-%20du%2018%2012%2096%20%287442%29.pdf\">S\u00e9rie 32\u00a0Hydraulique \u00e0 bande<\/a><\/p>\n<p><a href=\"http:\/\/www.autinor.com\/Documentations\/HB32%20%28BG15%29%20%28Version%20allegee%29%20-FR-%20du%2005%2006%2001%20%287652%29.pdf\">S\u00e9rie 32 Hydraulique \u00e0 bande (Version all\u00e9g\u00e9e)<\/a><\/p>\n<p><a href=\"http:\/\/www.autinor.com\/Documentations\/A32%20%28BG15%29%20-%20Manuel%20d%27installation%20-FR-%20du%2017%2012%2096%20%287441%29.pdf\">S\u00e9rie 32\u00a0\u00e9lectrique (1V\/2V) \u00e0 ils ou \u00e9crans<\/a><\/p>\n<p><a href=\"http:\/\/www.autinor.com\/Documentations\/B32%20%28BG15%29%20-%20Manuel%20d%27installation%20-FR-%20du%2019%2012%2096%20%287447%29.pdf\">S\u00e9rie 32\u00a0\u00e9lectrique (1V\/2V) \u00e0 bande<\/a><\/p>\n<p><a href=\"http:\/\/www.autinor.com\/Documentations\/MLIFT%20B32%20%28BG15-OND04%29%20-FR-%20du%2021%2004%2097%20%287459%29.pdf\">S\u00e9rie 32\u00a0MB (BG15+OND04) Scalaire (boucle ouverte)<\/a><\/p>\n<p><a href=\"http:\/\/www.autinor.com\/Documentations\/Vectorielle%20B32%20%28BG15-VEC01%29%20-%20FR-%20du%2025%2011%2098%20%287561%29.pdf\">S\u00e9rie 32 MB (BG15+VEC01) Vectorielle (bocle ferm\u00e9e)<\/a><\/p>\n<p><a href=\"http:\/\/www.autinor.com\/Documentations\/MB32%20Scalaire%20%28BG15-VEC01%29%20%28Version%20allegee%29%20-FR-%20du%2010%2005%2001%20%287586%29.pdf\">S\u00e9rie 32\u00a0Mlift (BG15+VEC01) Scalaire (boucle ouverte)<\/a><\/p>\n<p><a href=\"http:\/\/www.autinor.com\/Documentations\/MB32%20Vector%20%28BG15-VEC01%29%20%28Version%20allegee%29-%20FR-%20du%2028%2005%2001%20%287025%29.pdf\">S\u00e9rie 32\u00a0Mlift (BG15+VEC01) Vectorielle (boucle ferm\u00e9e)<\/a><\/p>\n<p><a href=\"http:\/\/www.autinor.com\/Documentations\/Duplex%20BG20%20Serie%2032%20-FR-%20du%2023%2010%2002%20%287792%29.pdf\">S\u00e9rie 32 Duplex avec carte BG20<\/a><\/p>\n<p><a href=\"http:\/\/www.autinor.com\/Documentations\/RACK32%20%28BG15%29%20-%20Manuel%20d%27installation%20-FR-%20du%2011%2001%2094%20%287252%29.pdf\">S\u00e9rie 32 RACK<\/a><\/p>\n<p><a href=\"http:\/\/www.autinor.com\/Documentations\/Kit%20de%20modif%20carte%20BG15%20contre%20anomalies%20en%20E2PROM%20-FR-%20du%2001%2010%2095%20%287768%29.pdf\">S\u00e9rie 32 Kit de modif BG15 contre anomalies E\u00b2PROM<\/a><\/p>\n","protected":false},"excerpt":{"rendered":"<p>S\u00e9rie 32 Hydraulique \u00e0 ils ou \u00e9crans S\u00e9rie 32\u00a0Hydraulique \u00e0 bande S\u00e9rie 32 Hydraulique \u00e0 bande (Version all\u00e9g\u00e9e) S\u00e9rie 32\u00a0\u00e9lectrique (1V\/2V) \u00e0 ils ou \u00e9crans S\u00e9rie 32\u00a0\u00e9lectrique (1V\/2V) \u00e0 bande S\u00e9rie 32\u00a0MB (BG15+OND04) Scalaire (boucle ouverte) S\u00e9rie 32 MB (BG15+VEC01) Vectorielle (bocle ferm\u00e9e) S\u00e9rie 32\u00a0Mlift (BG15+VEC01) Scalaire (boucle ouverte) S\u00e9rie 32\u00a0Mlift (BG15+VEC01) Vectorielle (boucle ferm\u00e9e) [&hellip;]<\/p>\n","protected":false},"author":1,"featured_media":0,"parent":0,"menu_order":0,"comment_status":"closed","ping_status":"closed","template":"","meta":{"footnotes":""},"class_list":["post-58","page","type-page","status-publish","hentry"],"_links":{"self":[{"href":"http:\/\/www.autinor.com\/autinor\/wp-json\/wp\/v2\/pages\/58","targetHints":{"allow":["GET"]}}],"collection":[{"href":"http:\/\/www.autinor.com\/autinor\/wp-json\/wp\/v2\/pages"}],"about":[{"href":"http:\/\/www.autinor.com\/autinor\/wp-json\/wp\/v2\/types\/page"}],"author":[{"embeddable":true,"href":"http:\/\/www.autinor.com\/autinor\/wp-json\/wp\/v2\/users\/1"}],"replies":[{"embeddable":true,"href":"http:\/\/www.autinor.com\/autinor\/wp-json\/wp\/v2\/comments?post=58"}],"version-history":[{"count":1,"href":"http:\/\/www.autinor.com\/autinor\/wp-json\/wp\/v2\/pages\/58\/revisions"}],"predecessor-version":[{"id":59,"href":"http:\/\/www.autinor.com\/autinor\/wp-json\/wp\/v2\/pages\/58\/revisions\/59"}],"wp:attachment":[{"href":"http:\/\/www.autinor.com\/autinor\/wp-json\/wp\/v2\/media?parent=58"}],"curies":[{"name":"wp","href":"https:\/\/api.w.org\/{rel}","templated":true}]}}