{"id":61,"date":"2017-10-17T22:37:06","date_gmt":"2017-10-17T20:37:06","guid":{"rendered":"http:\/\/www.autinor.com\/autinor\/?page_id=61"},"modified":"2017-10-17T22:37:06","modified_gmt":"2017-10-17T20:37:06","slug":"doc-serie-191","status":"publish","type":"page","link":"http:\/\/www.autinor.com\/autinor\/doc-serie-191\/","title":{"rendered":"Doc S\u00e9rie 191"},"content":{"rendered":"<p><a href=\"http:\/\/www.autinor.com\/Documentations\/H191%20%28N10%29%20-%20Manuel%20d%27installation%20-FR-%20du%2007%2005%2091%20%287063%29.pdf\">S\u00e9rie 191 Hydraulique \u00e0 ils ou \u00e9crans<\/a><\/p>\n<p><a href=\"http:\/\/www.autinor.com\/Documentations\/H191%20Oleodyne%20Soulier%20%28N10%29%20-%20Manuel%20d%27installation%20-FR-%20du%2020%2005%2090%20%287069%29.pdf\">S\u00e9rie 191 Hydraulique Oleodyne Soulier<\/a><\/p>\n<p><a href=\"http:\/\/www.autinor.com\/Documentations\/H191%20Soulier%20%28N10%29%20-%20Manuel%20d%27installation%20-FR-%20du%2015%2001%2090%20%287067%29.pdf\">S\u00e9rie 191 Hydraulique Soulier<\/a><\/p>\n<p><a href=\"http:\/\/www.autinor.com\/Documentations\/HB191%20%28N10%29%20-%20Manuel%20d%27installation%20-FR-%20du%2007%2005%2091%20%287056%29.pdf\">S\u00e9rie 191\u00a0Hydraulique \u00e0 bande<\/a><\/p>\n<p><a href=\"http:\/\/www.autinor.com\/Documentations\/A191%20%28N10%29%20-%20Manuel%20d%27installation%20%28Version%20Complete%29%20-FR-%20du%2024%2004%2094%20%287098%29.pdf\">S\u00e9rie 191 \u00e9lectrique (1V\/2V) \u00e0 ils ou \u00e9cran Version compl\u00e8te<\/a><\/p>\n<p><a href=\"http:\/\/www.autinor.com\/Documentations\/A191%20%28N10%29%20-%20Manuel%20d%27installation%20-FR-%20du%2018%2004%2094%20%287062%29.pdf\">S\u00e9rie 191\u00a0\u00e9lectrique (1V\/2V) \u00e0 ils ou \u00e9crans<\/a><\/p>\n<p><a href=\"http:\/\/www.autinor.com\/Documentations\/A191%20Soulier%20%28N10%29%20-%20Manuel%20d%27installation%20-FR-%20du%2015%2001%2090%20%287068%29.pdf\">S\u00e9rie 191 \u00e9lectrique (1V\/2V) Soulier<\/a><\/p>\n<p><a href=\"http:\/\/www.autinor.com\/Documentations\/B191%20%28N10%29%20-%20Manuel%20d%27installation%20-FR-%20du%2018%2004%2094%20%287064%29.pdf\">S\u00e9rie 191\u00a0\u00e9lectrique (1V\/2V) \u00e0 bande<\/a><\/p>\n<p><a href=\"http:\/\/www.autinor.com\/Documentations\/MLIFT%20B191%20%28N10-OND04%29%20-%20Manuel%20d%27installation%20-FR-%20du%2019%2004%2094%20%287057%29.pdf\">S\u00e9rie 191\u00a0MB (N10+OND04) Scalaire (boucle ouverte)<\/a><\/p>\n<p><a href=\"http:\/\/www.autinor.com\/Documentations\/MB191%20Scalaire%20%28N10-VEC01%29%20-%20Manuel%20d%27installation%20-FR-%20du%2022%2009%2099%20%287592%29.pdf\">S\u00e9rie 191\u00a0Mlift (N10+VEC01) Scalaire (boucle ouverte)<\/a><\/p>\n<p><a href=\"http:\/\/www.autinor.com\/Documentations\/MB191%20Vector%20%28N10-VEC01%29%20-%20Manuel%20d%27installation%20-FR-%20du%2022%2009%2099%20%287094%29.pdf\">S\u00e9rie 191\u00a0Mlift (N10+VEC01) Vectorielle (boucle ferm\u00e9e)<\/a><\/p>\n<p><a href=\"http:\/\/www.autinor.com\/Documentations\/Multiplex%20Serie%20191%20-%20Manuel%20d%27installation%20-FR-%20du%2017%2010%2000%20%287765%29.pdf\">S\u00e9rie 191 Multiplex<\/a><\/p>\n<p><a href=\"http:\/\/www.autinor.com\/Documentations\/MLIFT%20B191%20-%20Option%20Controle%20de%20Couple%20-FR-%20du%2007%2011%2095%20%287350%29.pdf\">S\u00e9rie 191 Option controle de couple<\/a><\/p>\n<p><a href=\"http:\/\/www.autinor.com\/Documentations\/Kit%20de%20modif%20carte%20N10%20contre%20anomalies%20en%20E2PROM%20-FR-%20du%2001%2010%2095%20%287767%29.pdf\">S\u00e9rie 191 Kit de modif N10 contre anomalies E\u00b2PROM<\/a><\/p>\n","protected":false},"excerpt":{"rendered":"<p>S\u00e9rie 191 Hydraulique \u00e0 ils ou \u00e9crans S\u00e9rie 191 Hydraulique Oleodyne Soulier S\u00e9rie 191 Hydraulique Soulier S\u00e9rie 191\u00a0Hydraulique \u00e0 bande S\u00e9rie 191 \u00e9lectrique (1V\/2V) \u00e0 ils ou \u00e9cran Version compl\u00e8te S\u00e9rie 191\u00a0\u00e9lectrique (1V\/2V) \u00e0 ils ou \u00e9crans S\u00e9rie 191 \u00e9lectrique (1V\/2V) Soulier S\u00e9rie 191\u00a0\u00e9lectrique (1V\/2V) \u00e0 bande S\u00e9rie 191\u00a0MB (N10+OND04) Scalaire (boucle ouverte) S\u00e9rie 191\u00a0Mlift [&hellip;]<\/p>\n","protected":false},"author":1,"featured_media":0,"parent":0,"menu_order":0,"comment_status":"closed","ping_status":"closed","template":"","meta":{"footnotes":""},"class_list":["post-61","page","type-page","status-publish","hentry"],"_links":{"self":[{"href":"http:\/\/www.autinor.com\/autinor\/wp-json\/wp\/v2\/pages\/61","targetHints":{"allow":["GET"]}}],"collection":[{"href":"http:\/\/www.autinor.com\/autinor\/wp-json\/wp\/v2\/pages"}],"about":[{"href":"http:\/\/www.autinor.com\/autinor\/wp-json\/wp\/v2\/types\/page"}],"author":[{"embeddable":true,"href":"http:\/\/www.autinor.com\/autinor\/wp-json\/wp\/v2\/users\/1"}],"replies":[{"embeddable":true,"href":"http:\/\/www.autinor.com\/autinor\/wp-json\/wp\/v2\/comments?post=61"}],"version-history":[{"count":1,"href":"http:\/\/www.autinor.com\/autinor\/wp-json\/wp\/v2\/pages\/61\/revisions"}],"predecessor-version":[{"id":62,"href":"http:\/\/www.autinor.com\/autinor\/wp-json\/wp\/v2\/pages\/61\/revisions\/62"}],"wp:attachment":[{"href":"http:\/\/www.autinor.com\/autinor\/wp-json\/wp\/v2\/media?parent=61"}],"curies":[{"name":"wp","href":"https:\/\/api.w.org\/{rel}","templated":true}]}}