{"id":7,"date":"2017-10-17T21:48:31","date_gmt":"2017-10-17T19:48:31","guid":{"rendered":"http:\/\/www.autinor.com\/autinor\/?page_id=7"},"modified":"2017-10-17T21:55:46","modified_gmt":"2017-10-17T19:55:46","slug":"notre-histoire","status":"publish","type":"page","link":"http:\/\/www.autinor.com\/autinor\/notre-histoire\/","title":{"rendered":"Notre histoire"},"content":{"rendered":"<div id=\"attachment_9\" style=\"width: 210px\" class=\"wp-caption alignright\"><img loading=\"lazy\" decoding=\"async\" aria-describedby=\"caption-attachment-9\" class=\"size-full wp-image-9\" src=\"http:\/\/www.autinor.com\/autinor\/wp-content\/uploads\/2017\/10\/jean-evin.jpg\" alt=\"\" width=\"200\" height=\"268\" \/><p id=\"caption-attachment-9\" class=\"wp-caption-text\">Jean Evin Fondateur<\/p><\/div>\n<p>Fond\u00e9 en <strong>1967<\/strong>, par Jean EVIN, un ing\u00e9nieur passionn\u00e9 qui n&rsquo;a eu de cesse d&rsquo;innover. Toujours ouvert aux technologies les plus avant-gardistes, c&rsquo;est lui qui a, le premier en 1967, introduit l&rsquo;\u00e9lectronique dans l&rsquo;ascenseur&#8230;<\/p>\n<p><strong>1<\/strong><span class=\"soustitre\"><strong>977<\/strong> : \u00e9quipements \u00e0 microprocesseur.<\/span><\/p>\n<p class=\"soustitre\"><strong>1990\/2000<\/strong> : R\u00e9gulation \u00e0 Variateur de Fr\u00e9quence, premier dispositif \u00e9conomique du genre. Premi\u00e8re centrale de t\u00e9l\u00e9surveillance automatique. Le moteur \u00e0 Arbre lent : le Gearless.<\/p>\n<p class=\"soustitre\"><strong>2000<\/strong> : Cr\u00e9ation d&rsquo;EVIN Ascenseurs premier r\u00e9seau ascensoriste ind\u00e9pendant.<\/p>\n<p class=\"soustitre\"><strong>2001\/2006<\/strong> : Premi\u00e8re armoire de man\u0153uvre utilisant le syst\u00e8me Bus. Brevet vid\u00e9o-d\u00e9tection. Ouverture du p\u00f4le sourcing en Chine. Ascenseur Gearless embarqu\u00e9.<\/p>\n<p class=\"soustitre\"><strong>2006<\/strong>: D\u00e9veloppement p\u00f4le m\u00e9canique (portes automatis\u00e9es et s\u00e9curis\u00e9es pour la RATP).<\/p>\n<p class=\"soustitre\"><strong>2007<\/strong> : Ouverture d&rsquo;un p\u00f4le conseils, expertise et technologies pour la performance des \u00e9quipements<\/p>\n<p class=\"soustitre\">techniques du le b\u00e2timent.<\/p>\n<div id=\"attachment_10\" style=\"width: 210px\" class=\"wp-caption alignright\"><img loading=\"lazy\" decoding=\"async\" aria-describedby=\"caption-attachment-10\" class=\"size-full wp-image-10\" src=\"http:\/\/www.autinor.com\/autinor\/wp-content\/uploads\/2017\/10\/nicole-evin.jpg\" alt=\"\" width=\"200\" height=\"240\" \/><p id=\"caption-attachment-10\" class=\"wp-caption-text\">Nicole Evin Pr\u00e9sidente<\/p><\/div>\n<p class=\"soustitre\"><strong>2009<\/strong> : Nouvelle t\u00e9l\u00e9surveillance GSM et compatible IP.<\/p>\n<p class=\"soustitre\"><strong>2012<\/strong>\u00a0: Nouveau contr\u00f4leur iCan (gamme compl\u00e8te).<\/p>\n<p><strong>2014<\/strong>\u00a0: Man\u0153uvre \u00e0 destination, contr\u00f4le du flux de passagers&#8230;.<\/p>\n<p><strong>2015<\/strong>\u00a0: Int\u00e9gration de variateurs de fr\u00e9quence industriels .<\/p>\n<p><strong>2016<\/strong>\u00a0: Bouton intelligent, bus 2 fils, multicolore, EN81-70&#8230;<\/p>\n<p><strong>2017<\/strong> : Afficheurs et synth\u00e8se interactifs, outils de communication.<\/p>\n","protected":false},"excerpt":{"rendered":"<p>Fond\u00e9 en 1967, par Jean EVIN, un ing\u00e9nieur passionn\u00e9 qui n&rsquo;a eu de cesse d&rsquo;innover. Toujours ouvert aux technologies les plus avant-gardistes, c&rsquo;est lui qui a, le premier en 1967, introduit l&rsquo;\u00e9lectronique dans l&rsquo;ascenseur&#8230; 1977 : \u00e9quipements \u00e0 microprocesseur. 1990\/2000 : R\u00e9gulation \u00e0 Variateur de Fr\u00e9quence, premier dispositif \u00e9conomique du genre. Premi\u00e8re centrale de t\u00e9l\u00e9surveillance [&hellip;]<\/p>\n","protected":false},"author":1,"featured_media":0,"parent":0,"menu_order":0,"comment_status":"closed","ping_status":"closed","template":"","meta":{"footnotes":""},"class_list":["post-7","page","type-page","status-publish","hentry"],"_links":{"self":[{"href":"http:\/\/www.autinor.com\/autinor\/wp-json\/wp\/v2\/pages\/7","targetHints":{"allow":["GET"]}}],"collection":[{"href":"http:\/\/www.autinor.com\/autinor\/wp-json\/wp\/v2\/pages"}],"about":[{"href":"http:\/\/www.autinor.com\/autinor\/wp-json\/wp\/v2\/types\/page"}],"author":[{"embeddable":true,"href":"http:\/\/www.autinor.com\/autinor\/wp-json\/wp\/v2\/users\/1"}],"replies":[{"embeddable":true,"href":"http:\/\/www.autinor.com\/autinor\/wp-json\/wp\/v2\/comments?post=7"}],"version-history":[{"count":5,"href":"http:\/\/www.autinor.com\/autinor\/wp-json\/wp\/v2\/pages\/7\/revisions"}],"predecessor-version":[{"id":17,"href":"http:\/\/www.autinor.com\/autinor\/wp-json\/wp\/v2\/pages\/7\/revisions\/17"}],"wp:attachment":[{"href":"http:\/\/www.autinor.com\/autinor\/wp-json\/wp\/v2\/media?parent=7"}],"curies":[{"name":"wp","href":"https:\/\/api.w.org\/{rel}","templated":true}]}}